{"id":3,"date":"2024-03-03T17:33:00","date_gmt":"2024-03-03T17:33:00","guid":{"rendered":"https:\/\/mpwindoors.com\/sk\/?page_id=3"},"modified":"2024-06-09T17:29:36","modified_gmt":"2024-06-09T17:29:36","slug":"zarucne-podmienky","status":"publish","type":"page","link":"https:\/\/mpwindoors.com\/sk\/zarucne-podmienky\/","title":{"rendered":"Z\u00e1ru\u010dn\u00e9 Podmienky"},"content":{"rendered":"\t\t<div data-elementor-type=\"wp-page\" data-elementor-id=\"3\" class=\"elementor elementor-3\">\n\t\t\t\t<div class=\"elementor-element elementor-element-875f736 e-flex e-con-boxed e-con e-parent\" data-id=\"875f736\" data-element_type=\"container\" data-e-type=\"container\">\n\t\t\t\t\t<div class=\"e-con-inner\">\n\t\t\t\t<div class=\"elementor-element elementor-element-92ae789 elementor-widget elementor-widget-text-editor\" data-id=\"92ae789\" data-element_type=\"widget\" data-e-type=\"widget\" data-widget_type=\"text-editor.default\">\n\t\t\t\t<div class=\"elementor-widget-container\">\n\t\t\t\t\t\t\t\t\t<p><\/p>\n<ul>\n<li>Zhotovite\u013e na dodan\u00e9 dielo pod\u013ea tejto zmluvy poskytuje nasledovn\u00fa z\u00e1ruku:\n<ul>\n<li>36 mesiacov\u00a0na fyzik\u00e1lne vlastnosti profilov a izola\u010dn\u00e9ho skla,<\/li>\n<li>24 mesiacov na kovanie<\/li>\n<li>24 mesiacov na pln\u00fa funk\u010dnos\u0165 pr\u00edslu\u0161enstva pri riadnom zaobch\u00e1dzan\u00ed a \u00fadr\u017ebe, v pr\u00edpade ak mont\u00e1\u017ene pr\u00e1ce realizuje zhotovite\u013e,<\/li>\n<li>24 mesiacov na mont\u00e1\u017ene pr\u00e1ce, v pr\u00edpade ak mont\u00e1\u017ene pr\u00e1ce realizuje zhotovitel<\/li>\n<\/ul>\n<\/li>\n<li>Reklam\u00e1cia mus\u00ed by\u0165 doru\u010den\u00e1 zhotovite\u013eovi v p\u00edsomnej forme po\u010das z\u00e1ru\u010dnej doby a najnesk\u00f4r do 5 dn\u00ed odo d\u0148a zistenia vady objedn\u00e1vate\u013eom.<\/li>\n<li>Vady v\u00fdrobkov sa posudzuj\u00fa pod\u013ea platn\u00fdch noriem SR\n<ul>\n<li>Okn\u00e1 a dvere &#8211; STN EN-14 351<\/li>\n<li>Mont\u00e1\u017e- STN-733134<\/li>\n<li>Skl\u00e1- STN 70 1621<\/li>\n<\/ul>\n<\/li>\n<li>Zhotovite\u013e nezodpoved\u00e1 za vady tovaru resp. diela, ktor\u00e9 vznikn\u00fa v d\u00f4sledku \u010dinnosti objedn\u00e1vate\u013ea \u010di in\u00fdch udalost\u00ed, najm\u00e4:\n<ul>\n<li>d\u00f4sledkom nedodr\u017eania pokynov zhotovite\u013ea \u010di predpisov v\u00fdrobcu o pou\u017e\u00edvan\u00ed a \u00fadr\u017ebe tovaru resp. diela;<\/li>\n<li>d\u00f4sledkom nedodr\u017eania prev\u00e1dzkov\u00fdch, bezpe\u010dnostn\u00fdch alebo hygienick\u00fdch predpisov;<\/li>\n<li>svojvo\u013en\u00fdmi z\u00e1sahmi a zmenami diela alebo jeho n\u00e1siln\u00fdm po\u0161koden\u00edm; vplyvom po\u017eiaru okolia alebo inej \u017eivelnej katastrofy \u010di in\u00fdch vonkaj\u0161\u00edch vplyvov.<\/li>\n<\/ul>\n<\/li>\n<\/ul>\n<p><\/p>\n<p><!-- \/wp:list --><\/p>\n<p><!-- wp:paragraph --><\/p>\n<p><!-- \/wp:paragraph --><\/p>\t\t\t\t\t\t\t\t<\/div>\n\t\t\t\t<\/div>\n\t\t\t\t\t<\/div>\n\t\t\t\t<\/div>\n\t\t\t\t<section class=\"elementor-section elementor-top-section elementor-element elementor-element-473df8f tm-bgcolor-grey elementor-section-stretched tm-col-stretched-both tm-column-break-ipad-no elementor-section-boxed elementor-section-height-default elementor-section-height-default\" data-id=\"473df8f\" data-element_type=\"section\" data-e-type=\"section\" data-settings=\"{&quot;stretch_section&quot;:&quot;section-stretched&quot;}\">\n\t\t\t\t\t\t<div class=\"elementor-container elementor-column-gap-no\">\n\t\t\t\t\t<div class=\"elementor-column elementor-col-100 elementor-top-column elementor-element elementor-element-4886c94\" data-id=\"4886c94\" data-element_type=\"column\" data-e-type=\"column\">\n\t\t\t<div class=\"elementor-widget-wrap elementor-element-populated\">\n\t\t\t\t\t\t<div class=\"elementor-element elementor-element-4fd46a8 tm-align-left elementor-widget elementor-widget-tm_client_element\" data-id=\"4fd46a8\" data-element_type=\"widget\" data-e-type=\"widget\" data-widget_type=\"tm_client_element.default\">\n\t\t\t\t<div class=\"elementor-widget-container\">\n\t\t\t\t\t<div class=\"themetechmount-boxes themetechmount-boxes-client themetechmount-element-clientbox-simple-logo themetechmount-boxes-view-carousel themetechmount-boxes-col-six tm-boxes-carousel-arrow- tm-boxes-carousel-arrows-0 themetechmount-boxes-gap-30px\" data-tm-show=\"6\" data-tm-loop=\"1\" data-tm-autoplay=\"1\" data-tm-centermode=\"0\" data-tm-nav=\"\" data-tm-dots=\"\" data-tm-slidestoscroll=\"1\" data-tm-autoplayspeed=\"4500\" data-tm-margin=\"30px\"><div class=\"themetechmount-boxes-inner\">\n\t\t\t<div class=\"themetechmount-box-heading-wrapper tm-boxwithout-heading\">\n\t\t\t\t<div class=\"tm-element-heading-content-wrapper left-align  tm-seperator-none  tm-heading-style-vertical \"><div class=\"tm-content-header\"><\/div><\/div>\t\t\t\t\t\t\t<\/div>\n\n\t\t\t<div class=\"themetechmount-boxes-row-wrapper row multi-columns-row\">\n\n\t\t\t<div class=\"tm-box-col-wrapper   col-lg-2 col-sm-4 col-md-4 col-xs-12\"><span class=\"themetechmount-box themetechmount-box-client themetechmount-box-view-simple-logo themetechmount-client-box-view-simple-logo\">\n\t<a class=\"tm-client-logo-link\" target=\"_blank\" href=\"https:\/\/www.g-u.com\/\">\n\t\t<span class=\"themetechmount-item-thumbnail\">\n\t\t\t<span class=\"themetechmount-item-thumbnail-inner\">\n\t\t\t\t<img decoding=\"async\" width=\"200\" height=\"200\" data-src=\"https:\/\/mpwindoors.com\/sk\/wp-content\/uploads\/2021\/03\/gu_extended.png\" class=\"attachment-full size-full wp-post-image lazyload\" alt=\"\" data-srcset=\"https:\/\/mpwindoors.com\/sk\/wp-content\/uploads\/2021\/03\/gu_extended.png 200w, https:\/\/mpwindoors.com\/sk\/wp-content\/uploads\/2021\/03\/gu_extended-150x150.png 150w\" data-sizes=\"(max-width: 200px) 100vw, 200px\" data-id=\"13454\" src=\"data:image\/svg+xml;base64,PHN2ZyB3aWR0aD0iMSIgaGVpZ2h0PSIxIiB4bWxucz0iaHR0cDovL3d3dy53My5vcmcvMjAwMC9zdmciPjwvc3ZnPg==\" style=\"--smush-placeholder-width: 200px; --smush-placeholder-aspect-ratio: 200\/200;\" \/>\n\t\t\t<\/span>\n\t\t<\/span><\/a>\n<\/span>\n<\/div><div class=\"tm-box-col-wrapper   col-lg-2 col-sm-4 col-md-4 col-xs-12\"><span class=\"themetechmount-box themetechmount-box-client themetechmount-box-view-simple-logo themetechmount-client-box-view-simple-logo\">\n\t<a class=\"tm-client-logo-link\" target=\"_blank\" href=\"https:\/\/www.reynaers.com\">\n\t\t<span class=\"themetechmount-item-thumbnail\">\n\t\t\t<span class=\"themetechmount-item-thumbnail-inner\">\n\t\t\t\t<img decoding=\"async\" width=\"200\" height=\"200\" data-src=\"https:\/\/mpwindoors.com\/sk\/wp-content\/uploads\/2024\/03\/reynaers.png\" class=\"attachment-full size-full wp-post-image lazyload\" alt=\"\" data-srcset=\"https:\/\/mpwindoors.com\/sk\/wp-content\/uploads\/2024\/03\/reynaers.png 200w, https:\/\/mpwindoors.com\/sk\/wp-content\/uploads\/2024\/03\/reynaers-150x150.png 150w\" data-sizes=\"(max-width: 200px) 100vw, 200px\" data-id=\"13447\" src=\"data:image\/svg+xml;base64,PHN2ZyB3aWR0aD0iMSIgaGVpZ2h0PSIxIiB4bWxucz0iaHR0cDovL3d3dy53My5vcmcvMjAwMC9zdmciPjwvc3ZnPg==\" style=\"--smush-placeholder-width: 200px; --smush-placeholder-aspect-ratio: 200\/200;\" \/>\n\t\t\t<\/span>\n\t\t<\/span><\/a>\n<\/span>\n<\/div><div class=\"tm-box-col-wrapper   col-lg-2 col-sm-4 col-md-4 col-xs-12\"><span class=\"themetechmount-box themetechmount-box-client themetechmount-box-view-simple-logo themetechmount-client-box-view-simple-logo\">\n\t<a class=\"tm-client-logo-link\" target=\"_blank\" href=\"https:\/\/www.perito.cz\">\n\t\t<span class=\"themetechmount-item-thumbnail\">\n\t\t\t<span class=\"themetechmount-item-thumbnail-inner\">\n\t\t\t\t<img decoding=\"async\" width=\"200\" height=\"200\" data-src=\"https:\/\/mpwindoors.com\/sk\/wp-content\/uploads\/2024\/03\/perito.png\" class=\"attachment-full size-full wp-post-image lazyload\" alt=\"\" data-srcset=\"https:\/\/mpwindoors.com\/sk\/wp-content\/uploads\/2024\/03\/perito.png 200w, https:\/\/mpwindoors.com\/sk\/wp-content\/uploads\/2024\/03\/perito-150x150.png 150w\" data-sizes=\"(max-width: 200px) 100vw, 200px\" data-id=\"13444\" src=\"data:image\/svg+xml;base64,PHN2ZyB3aWR0aD0iMSIgaGVpZ2h0PSIxIiB4bWxucz0iaHR0cDovL3d3dy53My5vcmcvMjAwMC9zdmciPjwvc3ZnPg==\" style=\"--smush-placeholder-width: 200px; --smush-placeholder-aspect-ratio: 200\/200;\" \/>\n\t\t\t<\/span>\n\t\t<\/span><\/a>\n<\/span>\n<\/div><div class=\"tm-box-col-wrapper   col-lg-2 col-sm-4 col-md-4 col-xs-12\"><span class=\"themetechmount-box themetechmount-box-client themetechmount-box-view-simple-logo themetechmount-client-box-view-simple-logo\">\n\t<a class=\"tm-client-logo-link\" target=\"_blank\" href=\"https:\/\/glasora.com\">\n\t\t<span class=\"themetechmount-item-thumbnail\">\n\t\t\t<span class=\"themetechmount-item-thumbnail-inner\">\n\t\t\t\t<img decoding=\"async\" width=\"200\" height=\"200\" data-src=\"https:\/\/mpwindoors.com\/sk\/wp-content\/uploads\/2024\/03\/glasora.png\" class=\"attachment-full size-full wp-post-image lazyload\" alt=\"\" data-srcset=\"https:\/\/mpwindoors.com\/sk\/wp-content\/uploads\/2024\/03\/glasora.png 200w, https:\/\/mpwindoors.com\/sk\/wp-content\/uploads\/2024\/03\/glasora-150x150.png 150w\" data-sizes=\"(max-width: 200px) 100vw, 200px\" data-id=\"13445\" src=\"data:image\/svg+xml;base64,PHN2ZyB3aWR0aD0iMSIgaGVpZ2h0PSIxIiB4bWxucz0iaHR0cDovL3d3dy53My5vcmcvMjAwMC9zdmciPjwvc3ZnPg==\" style=\"--smush-placeholder-width: 200px; --smush-placeholder-aspect-ratio: 200\/200;\" \/>\n\t\t\t<\/span>\n\t\t<\/span><\/a>\n<\/span>\n<\/div><div class=\"tm-box-col-wrapper   col-lg-2 col-sm-4 col-md-4 col-xs-12\"><span class=\"themetechmount-box themetechmount-box-client themetechmount-box-view-simple-logo themetechmount-client-box-view-simple-logo\">\n\t<a class=\"tm-client-logo-link\" target=\"_blank\" href=\"https:\/\/www.heroal.de\">\n\t\t<span class=\"themetechmount-item-thumbnail\">\n\t\t\t<span class=\"themetechmount-item-thumbnail-inner\">\n\t\t\t\t<img decoding=\"async\" width=\"200\" height=\"200\" data-src=\"https:\/\/mpwindoors.com\/sk\/wp-content\/uploads\/2024\/03\/heroal-e1710932523188.png\" class=\"attachment-full size-full wp-post-image lazyload\" alt=\"\" data-srcset=\"https:\/\/mpwindoors.com\/sk\/wp-content\/uploads\/2024\/03\/heroal-e1710932523188.png 200w, https:\/\/mpwindoors.com\/sk\/wp-content\/uploads\/2024\/03\/heroal-e1710932523188-150x150.png 150w\" data-sizes=\"(max-width: 200px) 100vw, 200px\" data-id=\"13453\" src=\"data:image\/svg+xml;base64,PHN2ZyB3aWR0aD0iMSIgaGVpZ2h0PSIxIiB4bWxucz0iaHR0cDovL3d3dy53My5vcmcvMjAwMC9zdmciPjwvc3ZnPg==\" style=\"--smush-placeholder-width: 200px; --smush-placeholder-aspect-ratio: 200\/200;\" \/>\n\t\t\t<\/span>\n\t\t<\/span><\/a>\n<\/span>\n<\/div><div class=\"tm-box-col-wrapper   col-lg-2 col-sm-4 col-md-4 col-xs-12\"><span class=\"themetechmount-box themetechmount-box-client themetechmount-box-view-simple-logo themetechmount-client-box-view-simple-logo\">\n\t<a class=\"tm-client-logo-link\" target=\"_blank\" href=\"https:\/\/gavaplast.sk\/en\">\n\t\t<span class=\"themetechmount-item-thumbnail\">\n\t\t\t<span class=\"themetechmount-item-thumbnail-inner\">\n\t\t\t\t<img decoding=\"async\" width=\"200\" height=\"200\" data-src=\"https:\/\/mpwindoors.com\/sk\/wp-content\/uploads\/2024\/03\/gava.png\" class=\"attachment-full size-full wp-post-image lazyload\" alt=\"\" data-srcset=\"https:\/\/mpwindoors.com\/sk\/wp-content\/uploads\/2024\/03\/gava.png 200w, https:\/\/mpwindoors.com\/sk\/wp-content\/uploads\/2024\/03\/gava-150x150.png 150w\" data-sizes=\"(max-width: 200px) 100vw, 200px\" data-id=\"13448\" src=\"data:image\/svg+xml;base64,PHN2ZyB3aWR0aD0iMSIgaGVpZ2h0PSIxIiB4bWxucz0iaHR0cDovL3d3dy53My5vcmcvMjAwMC9zdmciPjwvc3ZnPg==\" style=\"--smush-placeholder-width: 200px; --smush-placeholder-aspect-ratio: 200\/200;\" \/>\n\t\t\t<\/span>\n\t\t<\/span><\/a>\n<\/span>\n<\/div>\n\t\t\t<\/div>\n\n\t\t\t<\/div><!-- .themetechmount-boxes-inner -->   <\/div><!-- .themetechmount-boxes -->  \t\t\t\t<\/div>\n\t\t\t\t<\/div>\n\t\t\t\t\t<\/div>\n\t\t<\/div>\n\t\t\t\t\t<\/div>\n\t\t<\/section>\n\t\t\t\t<\/div>\n\t\t","protected":false},"excerpt":{"rendered":"<p>Zhotovite\u013e na dodan\u00e9 dielo pod\u013ea tejto zmluvy poskytuje nasledovn\u00fa z\u00e1ruku: 36 mesiacov\u00a0na fyzik\u00e1lne vlastnosti profilov a izola\u010dn\u00e9ho skla, 24 mesiacov na kovanie 24 mesiacov na pln\u00fa funk\u010dnos\u0165 pr\u00edslu\u0161enstva pri riadnom zaobch\u00e1dzan\u00ed a \u00fadr\u017ebe, v pr\u00edpade ak mont\u00e1\u017ene pr\u00e1ce realizuje zhotovite\u013e, 24 mesiacov na mont\u00e1\u017ene pr\u00e1ce, v pr\u00edpade ak mont\u00e1\u017ene pr\u00e1ce realizuje zhotovitel Reklam\u00e1cia mus\u00ed by\u0165 &hellip; <a href=\"https:\/\/mpwindoors.com\/sk\/client\/client-5\/\" class=\"more-link\">Continue reading <span class=\"screen-reader-text\">GAVA<\/span><\/a><\/p>\n","protected":false},"author":1,"featured_media":0,"parent":0,"menu_order":0,"comment_status":"closed","ping_status":"closed","template":"","meta":{"footnotes":""},"class_list":["post-3","page","type-page","status-publish","hentry"],"_links":{"self":[{"href":"https:\/\/mpwindoors.com\/sk\/wp-json\/wp\/v2\/pages\/3","targetHints":{"allow":["GET"]}}],"collection":[{"href":"https:\/\/mpwindoors.com\/sk\/wp-json\/wp\/v2\/pages"}],"about":[{"href":"https:\/\/mpwindoors.com\/sk\/wp-json\/wp\/v2\/types\/page"}],"author":[{"embeddable":true,"href":"https:\/\/mpwindoors.com\/sk\/wp-json\/wp\/v2\/users\/1"}],"replies":[{"embeddable":true,"href":"https:\/\/mpwindoors.com\/sk\/wp-json\/wp\/v2\/comments?post=3"}],"version-history":[{"count":13,"href":"https:\/\/mpwindoors.com\/sk\/wp-json\/wp\/v2\/pages\/3\/revisions"}],"predecessor-version":[{"id":14503,"href":"https:\/\/mpwindoors.com\/sk\/wp-json\/wp\/v2\/pages\/3\/revisions\/14503"}],"wp:attachment":[{"href":"https:\/\/mpwindoors.com\/sk\/wp-json\/wp\/v2\/media?parent=3"}],"curies":[{"name":"wp","href":"https:\/\/api.w.org\/{rel}","templated":true}]}}