{"id":13929,"date":"2024-03-30T08:16:29","date_gmt":"2024-03-30T08:16:29","guid":{"rendered":"https:\/\/mpwindoors.com\/en\/?page_id=13929"},"modified":"2024-04-10T07:36:49","modified_gmt":"2024-04-10T07:36:49","slug":"ongoing","status":"publish","type":"page","link":"https:\/\/mpwindoors.com\/en\/ongoing\/","title":{"rendered":"Ongoing Projects"},"content":{"rendered":"\t\t<div data-elementor-type=\"wp-page\" data-elementor-id=\"13929\" class=\"elementor elementor-13929\">\n\t\t\t\t<div class=\"elementor-element elementor-element-532b104 e-flex e-con-boxed e-con e-parent\" data-id=\"532b104\" data-element_type=\"container\" data-e-type=\"container\">\n\t\t\t\t\t<div class=\"e-con-inner\">\n\t\t\t\t<div class=\"elementor-element elementor-element-f2e5f7f tm-align-left elementor-widget elementor-widget-tm_project_element\" data-id=\"f2e5f7f\" data-element_type=\"widget\" data-e-type=\"widget\" data-widget_type=\"tm_project_element.default\">\n\t\t\t\t<div class=\"elementor-widget-container\">\n\t\t\t\t\t<div class=\"themetechmount-boxes themetechmount-boxes-portfolio themetechmount-element-portfoliobox-style3 themetechmount-boxes-view-default themetechmount-boxes-col-two themetechmount-boxes-gap-30px\" data-tm-show=\"100\" data-tm-loop=\"1\" data-tm-autoplay=\"0\" data-tm-centermode=\"0\" data-tm-nav=\"\" data-tm-dots=\"\" data-tm-slidestoscroll=\"\" data-tm-autoplayspeed=\"4500\" data-tm-margin=\"30px\"><div class=\"themetechmount-boxes-inner\">\n\t\t\t<div class=\"themetechmount-box-heading-wrapper tm-boxwithout-heading\">\n\t\t\t\t<div class=\"tm-element-heading-content-wrapper left-align  tm-seperator-none  tm-heading-style-vertical \"><div class=\"tm-content-header\"><\/div><\/div>\t\t\t\t\t\t\t<\/div>\n\n\t\t\t<div class=\"themetechmount-boxes-row-wrapper row multi-columns-row\">\n\n\t\t\t<div class=\"tm-box-col-wrapper  ongoing col-lg-6 col-sm-6 col-md-6 col-xs-12\"><article class=\"themetechmount-box themetechmount-box-portfolio themetechmount-box-view-top-image themetechmount-portfolio-box-view-top-image \">\r\n\t<div class=\"themetechmount-post-item\">\t\r\n\t\t<div class=\"themetechmount-post-item-inner\">\r\n\t\t\t<div class=\"tm-featured-wrapper tm-tm_portfolio-featured-wrapper\"><a href=\"https:\/\/mpwindoors.com\/en\/projects\/liptovsky-mikulas\/\"><img fetchpriority=\"high\" decoding=\"async\" width=\"609\" height=\"382\" src=\"https:\/\/mpwindoors.com\/en\/wp-content\/uploads\/2024\/05\/zrub_1-min-Cropped-609x382.jpg\" class=\"attachment-themetechmount-img-portfolio size-themetechmount-img-portfolio wp-post-image\" alt=\"\" data-id=\"14336\" \/><\/a><\/div>\t\t\t<div class=\"themetechmount-box-content themetechmount-overlay\">\r\n\t\t\t\t<div class=\"themetechmount-box-content-inner\">\r\n\t\t\t\t\t<div class=\"themetechmount-icon-box themetechmount-media-link\"><a class=\"tm_prettyphoto\" title=\"Liptovsk\u00fd Mikul\u00e1\u0161\" href=\"https:\/\/mpwindoors.com\/en\/wp-content\/uploads\/2024\/05\/zrub_1-min-Cropped.jpg\"><i class=\"tm-inoterior-icon-resize-full-alt\"><\/i><\/a><\/div>\t\r\n\t\t\t\t<\/div>\t\t\t\r\n\t\t\t<\/div>\r\n\t\t<\/div>\r\n\t\t\r\n\t\t<div class=\"themetechmount-box-bottom-content\">\t\t\r\n\t\t\t<div class=\"themetechmount-box-title\"><h4><a href=\"https:\/\/mpwindoors.com\/en\/projects\/liptovsky-mikulas\/\">Liptovsk\u00fd Mikul\u00e1\u0161<\/a><\/h4><\/div>\t\t\t<div class=\"themetechmount-box-category\"><a href=\"https:\/\/mpwindoors.com\/en\/portfolio-category\/ongoing\/\" rel=\"tag\">Ongoing<\/a><\/div>\t\t\t\t\t\t\r\n\t\t<\/div>\r\n\t<\/div>\r\n<\/article><\/div><div class=\"tm-box-col-wrapper  ongoing col-lg-6 col-sm-6 col-md-6 col-xs-12\"><article class=\"themetechmount-box themetechmount-box-portfolio themetechmount-box-view-top-image themetechmount-portfolio-box-view-top-image \">\r\n\t<div class=\"themetechmount-post-item\">\t\r\n\t\t<div class=\"themetechmount-post-item-inner\">\r\n\t\t\t<div class=\"tm-featured-wrapper tm-tm_portfolio-featured-wrapper\"><a href=\"https:\/\/mpwindoors.com\/en\/projects\/pisecna-restaurant\/\"><img decoding=\"async\" width=\"609\" height=\"382\" data-src=\"https:\/\/mpwindoors.com\/en\/wp-content\/uploads\/2024\/05\/pisecna_2-min-609x382.jpg\" class=\"attachment-themetechmount-img-portfolio size-themetechmount-img-portfolio wp-post-image lazyload\" alt=\"\" data-id=\"14297\" src=\"data:image\/svg+xml;base64,PHN2ZyB3aWR0aD0iMSIgaGVpZ2h0PSIxIiB4bWxucz0iaHR0cDovL3d3dy53My5vcmcvMjAwMC9zdmciPjwvc3ZnPg==\" style=\"--smush-placeholder-width: 609px; --smush-placeholder-aspect-ratio: 609\/382;\" \/><\/a><\/div>\t\t\t<div class=\"themetechmount-box-content themetechmount-overlay\">\r\n\t\t\t\t<div class=\"themetechmount-box-content-inner\">\r\n\t\t\t\t\t<div class=\"themetechmount-icon-box themetechmount-media-link\"><a class=\"tm_prettyphoto\" title=\"P\u00edse\u010dn\u00e1 Restaurant\" href=\"https:\/\/mpwindoors.com\/en\/wp-content\/uploads\/2024\/05\/pisecna_2-min.jpg\"><i class=\"tm-inoterior-icon-resize-full-alt\"><\/i><\/a><\/div>\t\r\n\t\t\t\t<\/div>\t\t\t\r\n\t\t\t<\/div>\r\n\t\t<\/div>\r\n\t\t\r\n\t\t<div class=\"themetechmount-box-bottom-content\">\t\t\r\n\t\t\t<div class=\"themetechmount-box-title\"><h4><a href=\"https:\/\/mpwindoors.com\/en\/projects\/pisecna-restaurant\/\">P\u00edse\u010dn\u00e1 Restaurant<\/a><\/h4><\/div>\t\t\t<div class=\"themetechmount-box-category\"><a href=\"https:\/\/mpwindoors.com\/en\/portfolio-category\/ongoing\/\" rel=\"tag\">Ongoing<\/a><\/div>\t\t\t\t\t\t\r\n\t\t<\/div>\r\n\t<\/div>\r\n<\/article><\/div>\n\t\t\t<\/div>\n\n\t\t\t<\/div><!-- .themetechmount-boxes-inner -->   <\/div><!-- .themetechmount-boxes -->  \t\t\t\t<\/div>\n\t\t\t\t<\/div>\n\t\t\t\t\t<\/div>\n\t\t\t\t<\/div>\n\t\t\t\t<section class=\"elementor-section elementor-top-section elementor-element elementor-element-9c5231e tm-bgcolor-grey elementor-section-stretched tm-col-stretched-both tm-column-break-ipad-no elementor-section-boxed elementor-section-height-default elementor-section-height-default\" data-id=\"9c5231e\" data-element_type=\"section\" data-e-type=\"section\" data-settings=\"{&quot;stretch_section&quot;:&quot;section-stretched&quot;}\">\n\t\t\t\t\t\t<div class=\"elementor-container elementor-column-gap-no\">\n\t\t\t\t\t<div class=\"elementor-column elementor-col-100 elementor-top-column elementor-element elementor-element-b78a5d2\" data-id=\"b78a5d2\" data-element_type=\"column\" data-e-type=\"column\">\n\t\t\t<div class=\"elementor-widget-wrap elementor-element-populated\">\n\t\t\t\t\t\t<div class=\"elementor-element elementor-element-9579857 tm-align-left elementor-widget elementor-widget-tm_client_element\" data-id=\"9579857\" data-element_type=\"widget\" data-e-type=\"widget\" data-widget_type=\"tm_client_element.default\">\n\t\t\t\t<div class=\"elementor-widget-container\">\n\t\t\t\t\t<div class=\"themetechmount-boxes themetechmount-boxes-client themetechmount-element-clientbox-simple-logo themetechmount-boxes-view-carousel themetechmount-boxes-col-six tm-boxes-carousel-arrow- tm-boxes-carousel-arrows-0 themetechmount-boxes-gap-30px\" data-tm-show=\"6\" data-tm-loop=\"1\" data-tm-autoplay=\"1\" data-tm-centermode=\"0\" data-tm-nav=\"\" data-tm-dots=\"\" data-tm-slidestoscroll=\"1\" data-tm-autoplayspeed=\"4500\" data-tm-margin=\"30px\"><div class=\"themetechmount-boxes-inner\">\n\t\t\t<div class=\"themetechmount-box-heading-wrapper tm-boxwithout-heading\">\n\t\t\t\t<div class=\"tm-element-heading-content-wrapper left-align  tm-seperator-none  tm-heading-style-vertical \"><div class=\"tm-content-header\"><\/div><\/div>\t\t\t\t\t\t\t<\/div>\n\n\t\t\t<div class=\"themetechmount-boxes-row-wrapper row multi-columns-row\">\n\n\t\t\t<div class=\"tm-box-col-wrapper   col-lg-2 col-sm-4 col-md-4 col-xs-12\"><span class=\"themetechmount-box themetechmount-box-client themetechmount-box-view-simple-logo themetechmount-client-box-view-simple-logo\">\n\t<a class=\"tm-client-logo-link\" target=\"_blank\" href=\"https:\/\/www.reynaers.com\">\n\t\t<span class=\"themetechmount-item-thumbnail\">\n\t\t\t<span class=\"themetechmount-item-thumbnail-inner\">\n\t\t\t\t<img decoding=\"async\" width=\"200\" height=\"200\" data-src=\"https:\/\/mpwindoors.com\/en\/wp-content\/uploads\/2024\/03\/reynaers.png\" class=\"attachment-full size-full wp-post-image lazyload\" alt=\"\" data-srcset=\"https:\/\/mpwindoors.com\/en\/wp-content\/uploads\/2024\/03\/reynaers.png 200w, https:\/\/mpwindoors.com\/en\/wp-content\/uploads\/2024\/03\/reynaers-150x150.png 150w\" data-sizes=\"(max-width: 200px) 100vw, 200px\" data-id=\"13447\" src=\"data:image\/svg+xml;base64,PHN2ZyB3aWR0aD0iMSIgaGVpZ2h0PSIxIiB4bWxucz0iaHR0cDovL3d3dy53My5vcmcvMjAwMC9zdmciPjwvc3ZnPg==\" style=\"--smush-placeholder-width: 200px; --smush-placeholder-aspect-ratio: 200\/200;\" \/>\n\t\t\t<\/span>\n\t\t<\/span><\/a>\n<\/span>\n<\/div><div class=\"tm-box-col-wrapper   col-lg-2 col-sm-4 col-md-4 col-xs-12\"><span class=\"themetechmount-box themetechmount-box-client themetechmount-box-view-simple-logo themetechmount-client-box-view-simple-logo\">\n\t<a class=\"tm-client-logo-link\" target=\"_blank\" href=\"https:\/\/www.g-u.com\/\">\n\t\t<span class=\"themetechmount-item-thumbnail\">\n\t\t\t<span class=\"themetechmount-item-thumbnail-inner\">\n\t\t\t\t<img decoding=\"async\" width=\"200\" height=\"200\" data-src=\"https:\/\/mpwindoors.com\/en\/wp-content\/uploads\/2021\/03\/gu_extended.png\" class=\"attachment-full size-full wp-post-image lazyload\" alt=\"\" data-srcset=\"https:\/\/mpwindoors.com\/en\/wp-content\/uploads\/2021\/03\/gu_extended.png 200w, https:\/\/mpwindoors.com\/en\/wp-content\/uploads\/2021\/03\/gu_extended-150x150.png 150w\" data-sizes=\"(max-width: 200px) 100vw, 200px\" data-id=\"13454\" src=\"data:image\/svg+xml;base64,PHN2ZyB3aWR0aD0iMSIgaGVpZ2h0PSIxIiB4bWxucz0iaHR0cDovL3d3dy53My5vcmcvMjAwMC9zdmciPjwvc3ZnPg==\" style=\"--smush-placeholder-width: 200px; --smush-placeholder-aspect-ratio: 200\/200;\" \/>\n\t\t\t<\/span>\n\t\t<\/span><\/a>\n<\/span>\n<\/div><div class=\"tm-box-col-wrapper   col-lg-2 col-sm-4 col-md-4 col-xs-12\"><span class=\"themetechmount-box themetechmount-box-client themetechmount-box-view-simple-logo themetechmount-client-box-view-simple-logo\">\n\t<a class=\"tm-client-logo-link\" target=\"_blank\" href=\"https:\/\/glasora.com\">\n\t\t<span class=\"themetechmount-item-thumbnail\">\n\t\t\t<span class=\"themetechmount-item-thumbnail-inner\">\n\t\t\t\t<img decoding=\"async\" width=\"200\" height=\"200\" data-src=\"https:\/\/mpwindoors.com\/en\/wp-content\/uploads\/2024\/03\/glasora.png\" class=\"attachment-full size-full wp-post-image lazyload\" alt=\"\" data-srcset=\"https:\/\/mpwindoors.com\/en\/wp-content\/uploads\/2024\/03\/glasora.png 200w, https:\/\/mpwindoors.com\/en\/wp-content\/uploads\/2024\/03\/glasora-150x150.png 150w\" data-sizes=\"(max-width: 200px) 100vw, 200px\" data-id=\"13445\" src=\"data:image\/svg+xml;base64,PHN2ZyB3aWR0aD0iMSIgaGVpZ2h0PSIxIiB4bWxucz0iaHR0cDovL3d3dy53My5vcmcvMjAwMC9zdmciPjwvc3ZnPg==\" style=\"--smush-placeholder-width: 200px; --smush-placeholder-aspect-ratio: 200\/200;\" \/>\n\t\t\t<\/span>\n\t\t<\/span><\/a>\n<\/span>\n<\/div><div class=\"tm-box-col-wrapper   col-lg-2 col-sm-4 col-md-4 col-xs-12\"><span class=\"themetechmount-box themetechmount-box-client themetechmount-box-view-simple-logo themetechmount-client-box-view-simple-logo\">\n\t<a class=\"tm-client-logo-link\" target=\"_blank\" href=\"https:\/\/www.heroal.de\">\n\t\t<span class=\"themetechmount-item-thumbnail\">\n\t\t\t<span class=\"themetechmount-item-thumbnail-inner\">\n\t\t\t\t<img decoding=\"async\" width=\"200\" height=\"200\" data-src=\"https:\/\/mpwindoors.com\/en\/wp-content\/uploads\/2024\/03\/heroal-e1710932523188.png\" class=\"attachment-full size-full wp-post-image lazyload\" alt=\"\" data-srcset=\"https:\/\/mpwindoors.com\/en\/wp-content\/uploads\/2024\/03\/heroal-e1710932523188.png 200w, https:\/\/mpwindoors.com\/en\/wp-content\/uploads\/2024\/03\/heroal-e1710932523188-150x150.png 150w\" data-sizes=\"(max-width: 200px) 100vw, 200px\" data-id=\"13453\" src=\"data:image\/svg+xml;base64,PHN2ZyB3aWR0aD0iMSIgaGVpZ2h0PSIxIiB4bWxucz0iaHR0cDovL3d3dy53My5vcmcvMjAwMC9zdmciPjwvc3ZnPg==\" style=\"--smush-placeholder-width: 200px; --smush-placeholder-aspect-ratio: 200\/200;\" \/>\n\t\t\t<\/span>\n\t\t<\/span><\/a>\n<\/span>\n<\/div><div class=\"tm-box-col-wrapper   col-lg-2 col-sm-4 col-md-4 col-xs-12\"><span class=\"themetechmount-box themetechmount-box-client themetechmount-box-view-simple-logo themetechmount-client-box-view-simple-logo\">\n\t<a class=\"tm-client-logo-link\" target=\"_blank\" href=\"https:\/\/gavaplast.sk\/en\">\n\t\t<span class=\"themetechmount-item-thumbnail\">\n\t\t\t<span class=\"themetechmount-item-thumbnail-inner\">\n\t\t\t\t<img decoding=\"async\" width=\"200\" height=\"200\" data-src=\"https:\/\/mpwindoors.com\/en\/wp-content\/uploads\/2024\/03\/gava.png\" class=\"attachment-full size-full wp-post-image lazyload\" alt=\"\" data-srcset=\"https:\/\/mpwindoors.com\/en\/wp-content\/uploads\/2024\/03\/gava.png 200w, https:\/\/mpwindoors.com\/en\/wp-content\/uploads\/2024\/03\/gava-150x150.png 150w\" data-sizes=\"(max-width: 200px) 100vw, 200px\" data-id=\"13448\" src=\"data:image\/svg+xml;base64,PHN2ZyB3aWR0aD0iMSIgaGVpZ2h0PSIxIiB4bWxucz0iaHR0cDovL3d3dy53My5vcmcvMjAwMC9zdmciPjwvc3ZnPg==\" style=\"--smush-placeholder-width: 200px; --smush-placeholder-aspect-ratio: 200\/200;\" \/>\n\t\t\t<\/span>\n\t\t<\/span><\/a>\n<\/span>\n<\/div><div class=\"tm-box-col-wrapper   col-lg-2 col-sm-4 col-md-4 col-xs-12\"><span class=\"themetechmount-box themetechmount-box-client themetechmount-box-view-simple-logo themetechmount-client-box-view-simple-logo\">\n\t<a class=\"tm-client-logo-link\" target=\"_blank\" href=\"https:\/\/www.perito.cz\">\n\t\t<span class=\"themetechmount-item-thumbnail\">\n\t\t\t<span class=\"themetechmount-item-thumbnail-inner\">\n\t\t\t\t<img decoding=\"async\" width=\"200\" height=\"200\" data-src=\"https:\/\/mpwindoors.com\/en\/wp-content\/uploads\/2024\/03\/perito.png\" class=\"attachment-full size-full wp-post-image lazyload\" alt=\"\" data-srcset=\"https:\/\/mpwindoors.com\/en\/wp-content\/uploads\/2024\/03\/perito.png 200w, https:\/\/mpwindoors.com\/en\/wp-content\/uploads\/2024\/03\/perito-150x150.png 150w\" data-sizes=\"(max-width: 200px) 100vw, 200px\" data-id=\"13444\" src=\"data:image\/svg+xml;base64,PHN2ZyB3aWR0aD0iMSIgaGVpZ2h0PSIxIiB4bWxucz0iaHR0cDovL3d3dy53My5vcmcvMjAwMC9zdmciPjwvc3ZnPg==\" style=\"--smush-placeholder-width: 200px; --smush-placeholder-aspect-ratio: 200\/200;\" \/>\n\t\t\t<\/span>\n\t\t<\/span><\/a>\n<\/span>\n<\/div>\n\t\t\t<\/div>\n\n\t\t\t<\/div><!-- .themetechmount-boxes-inner -->   <\/div><!-- .themetechmount-boxes -->  \t\t\t\t<\/div>\n\t\t\t\t<\/div>\n\t\t\t\t\t<\/div>\n\t\t<\/div>\n\t\t\t\t\t<\/div>\n\t\t<\/section>\n\t\t\t\t<\/div>\n\t\t","protected":false},"excerpt":{"rendered":"","protected":false},"author":1,"featured_media":0,"parent":0,"menu_order":1,"comment_status":"closed","ping_status":"closed","template":"","meta":{"footnotes":""},"class_list":["post-13929","page","type-page","status-publish","hentry"],"_links":{"self":[{"href":"https:\/\/mpwindoors.com\/en\/wp-json\/wp\/v2\/pages\/13929","targetHints":{"allow":["GET"]}}],"collection":[{"href":"https:\/\/mpwindoors.com\/en\/wp-json\/wp\/v2\/pages"}],"about":[{"href":"https:\/\/mpwindoors.com\/en\/wp-json\/wp\/v2\/types\/page"}],"author":[{"embeddable":true,"href":"https:\/\/mpwindoors.com\/en\/wp-json\/wp\/v2\/users\/1"}],"replies":[{"embeddable":true,"href":"https:\/\/mpwindoors.com\/en\/wp-json\/wp\/v2\/comments?post=13929"}],"version-history":[{"count":57,"href":"https:\/\/mpwindoors.com\/en\/wp-json\/wp\/v2\/pages\/13929\/revisions"}],"predecessor-version":[{"id":14243,"href":"https:\/\/mpwindoors.com\/en\/wp-json\/wp\/v2\/pages\/13929\/revisions\/14243"}],"wp:attachment":[{"href":"https:\/\/mpwindoors.com\/en\/wp-json\/wp\/v2\/media?parent=13929"}],"curies":[{"name":"wp","href":"https:\/\/api.w.org\/{rel}","templated":true}]}}